{"id":70,"date":"2025-03-03T23:19:29","date_gmt":"2025-03-03T22:19:29","guid":{"rendered":"http:\/\/zebrailes.fr\/?page_id=70"},"modified":"2025-03-03T23:19:29","modified_gmt":"2025-03-03T22:19:29","slug":"revue-de-presse","status":"publish","type":"page","link":"http:\/\/zebrailes.fr\/?page_id=70","title":{"rendered":"Revue de presse"},"content":{"rendered":"\n<p><strong>Quelques liens vers des articles, interviews, podcast, conf\u00e9rences<\/strong><\/p>\n\n\n\n<p><\/p>\n\n\n\n<ul class=\"wp-block-list\">\n<li><strong>La gazette du Val d&#8217;Oise<\/strong>; article de Juillet 2024<\/li>\n<\/ul>\n\n\n\n<p><a href=\"https:\/\/actu.fr\/ile-de-france\/pontoise_95500\/dans-cette-ecole-du-val-doise-on-accueille-des-enfants-precoces-et-surdoues_61312560.html\">https:\/\/actu.fr\/ile-de-france\/pontoise_95500\/dans-cette-ecole-du-val-doise-on-accueille-des-enfants-precoces-et-surdoues_61312560.html<\/a><\/p>\n\n\n\n<ul class=\"wp-block-list\">\n<li><strong>La scolarisation des enfants \u00e0 haut potentiel en pratique (interview de Novembre 2020) <\/strong><a href=\"https:\/\/enfantsprecoces.info\/la-scolarisation-des-enfants-a-haut-potentiel-en-pratique\/\">La scolarisation des enfants \u00e0 haut potentiel en pratique \u2013 Enfants Pr\u00e9coces Info<\/a> <\/li>\n\n\n\n<li><strong>Haut potentiel intellectuel : des aptitudes g\u00e9n\u00e9rales pour des sujets particuliers, comment les appr\u00e9hender ? <\/strong><a href=\"https:\/\/enfantsprecoces.info\/haut-potentiel-intellectuel-des-aptitudes-generales-pour-des-sujets-particuliers-comment-mieux-les-apprehender\/\">Haut potentiel intellectuel : des aptitudes g\u00e9n\u00e9rales pour des sujets particuliers, comment mieux les appr\u00e9hender ? \u2013 Enfants Pr\u00e9coces Info<\/a><\/li>\n\n\n\n<li><strong>Un podcast enregistr\u00e9 en Avril 2024 &#8220;Ouvrir son \u00e9cole alternative- Et si on repensait l&#8217;\u00e9cole ?<\/strong> <a href=\"https:\/\/lnkd.in\/evb48HwE\">https:\/\/lnkd.in\/evb48HwE<\/a><\/li>\n\n\n\n<li><strong>Conf\u00e9rence de 2017: une gestion p\u00e9dagogique des enfants EHP\/TDAH<\/strong>&#8211; <a href=\"https:\/\/youtu.be\/zsCzjgYKIgo?feature=shared\">https:\/\/youtu.be\/zsCzjgYKIgo?feature=shared<\/a><\/li>\n\n\n\n<li><strong>Conf\u00e9rence de 2018 : une p\u00e9dagogie valorisante<\/strong>&#8211; <a href=\"https:\/\/youtu.be\/zgN1GcV7e1M?feature=shared\">https:\/\/youtu.be\/zgN1GcV7e1M?feature=shared<\/a><\/li>\n<\/ul>\n\n\n\n<figure class=\"wp-block-image aligncenter size-large is-resized\"><img loading=\"lazy\" decoding=\"async\" width=\"768\" height=\"1024\" src=\"http:\/\/zebrailes.fr\/wp-content\/uploads\/2025\/03\/article-gazette-juillet-2024-768x1024.jpg\" alt=\"\" class=\"wp-image-71\" style=\"width:423px;height:auto\" srcset=\"http:\/\/zebrailes.fr\/wp-content\/uploads\/2025\/03\/article-gazette-juillet-2024-768x1024.jpg 768w, http:\/\/zebrailes.fr\/wp-content\/uploads\/2025\/03\/article-gazette-juillet-2024-225x300.jpg 225w, http:\/\/zebrailes.fr\/wp-content\/uploads\/2025\/03\/article-gazette-juillet-2024.jpg 1536w\" sizes=\"auto, (max-width: 768px) 100vw, 768px\" \/><\/figure>\n\n\n\n<p><\/p>\n","protected":false},"excerpt":{"rendered":"<p>Quelques liens vers des articles, interviews, podcast, conf\u00e9rences https:\/\/actu.fr\/ile-de-france\/pontoise_95500\/dans-cette-ecole-du-val-doise-on-accueille-des-enfants-precoces-et-surdoues_61312560.html<\/p>\n","protected":false},"author":1,"featured_media":0,"parent":0,"menu_order":0,"comment_status":"closed","ping_status":"closed","template":"","meta":{"footnotes":""},"class_list":["post-70","page","type-page","status-publish","hentry"],"_links":{"self":[{"href":"http:\/\/zebrailes.fr\/index.php?rest_route=\/wp\/v2\/pages\/70","targetHints":{"allow":["GET"]}}],"collection":[{"href":"http:\/\/zebrailes.fr\/index.php?rest_route=\/wp\/v2\/pages"}],"about":[{"href":"http:\/\/zebrailes.fr\/index.php?rest_route=\/wp\/v2\/types\/page"}],"author":[{"embeddable":true,"href":"http:\/\/zebrailes.fr\/index.php?rest_route=\/wp\/v2\/users\/1"}],"replies":[{"embeddable":true,"href":"http:\/\/zebrailes.fr\/index.php?rest_route=%2Fwp%2Fv2%2Fcomments&post=70"}],"version-history":[{"count":1,"href":"http:\/\/zebrailes.fr\/index.php?rest_route=\/wp\/v2\/pages\/70\/revisions"}],"predecessor-version":[{"id":72,"href":"http:\/\/zebrailes.fr\/index.php?rest_route=\/wp\/v2\/pages\/70\/revisions\/72"}],"wp:attachment":[{"href":"http:\/\/zebrailes.fr\/index.php?rest_route=%2Fwp%2Fv2%2Fmedia&parent=70"}],"curies":[{"name":"wp","href":"https:\/\/api.w.org\/{rel}","templated":true}]}}