{"id":5,"date":"2025-02-05T15:15:29","date_gmt":"2025-02-05T14:15:29","guid":{"rendered":"http:\/\/zebrailes.fr\/?page_id=5"},"modified":"2025-08-13T20:10:45","modified_gmt":"2025-08-13T18:10:45","slug":"pedagogie","status":"publish","type":"page","link":"http:\/\/zebrailes.fr\/?page_id=5","title":{"rendered":"P\u00e9dagogie"},"content":{"rendered":"\n<h2 class=\"wp-block-heading has-text-align-center\">Un concept unique de classe multi-niveaux<\/h2>\n\n\n\n<blockquote class=\"wp-block-quote is-layout-flow wp-block-quote-is-layout-flow\">\n<p>Une question souvent pos\u00e9e est &#8220;utilisez vous la p\u00e9dagogie Montessori ? Freinet ? etc &#8220;. A Zebr&#8217;ailes, nous utilisons la p\u00e9dagogie&#8230;. Zebr&#8217;ailes ! Je con\u00e7ois moi-m\u00eame des jeux, des outils, des m\u00e9thodes pour donner sens, rendre l&#8217;enfant acteur et actif, travailler en transversalit\u00e9. <\/p>\n\n\n\n<p>Voici quelques points sp\u00e9cifiques : <\/p>\n<\/blockquote>\n\n\n\n<ul class=\"wp-block-list\">\n<li>Un <strong>projet annuel<\/strong> autour duquel s&#8217;articulent les apprentissages afin de leur donner du sens, en lien avec les programmes officiels.<\/li>\n<\/ul>\n\n\n\n<figure class=\"wp-block-image aligncenter size-large is-resized\"><img loading=\"lazy\" decoding=\"async\" width=\"1024\" height=\"679\" src=\"https:\/\/zebrailes.fr\/wp-content\/uploads\/2025\/02\/04-oct-299-1024x679.jpg\" alt=\"\" class=\"wp-image-55\" style=\"width:366px;height:auto\" srcset=\"http:\/\/zebrailes.fr\/wp-content\/uploads\/2025\/02\/04-oct-299-1024x679.jpg 1024w, http:\/\/zebrailes.fr\/wp-content\/uploads\/2025\/02\/04-oct-299-300x199.jpg 300w, http:\/\/zebrailes.fr\/wp-content\/uploads\/2025\/02\/04-oct-299-2000x1326.jpg 2000w\" sizes=\"auto, (max-width: 1024px) 100vw, 1024px\" \/><\/figure>\n\n\n\n<ul class=\"wp-block-list\">\n<li>Des <strong>approfondissements culturels<\/strong> dans divers domaines, notamment les sciences, l&#8217;histoire, l&#8217;art, et surtout de nombreuses sorties. <\/li>\n<\/ul>\n\n\n\n<figure class=\"wp-block-image alignright size-large is-resized\"><img loading=\"lazy\" decoding=\"async\" width=\"1024\" height=\"878\" src=\"https:\/\/zebrailes.fr\/wp-content\/uploads\/2025\/02\/museehom4-1024x878.jpg\" alt=\"\" class=\"wp-image-57\" style=\"width:351px;height:auto\" srcset=\"http:\/\/zebrailes.fr\/wp-content\/uploads\/2025\/02\/museehom4-1024x878.jpg 1024w, http:\/\/zebrailes.fr\/wp-content\/uploads\/2025\/02\/museehom4-300x257.jpg 300w, http:\/\/zebrailes.fr\/wp-content\/uploads\/2025\/02\/museehom4-2000x1715.jpg 2000w\" sizes=\"auto, (max-width: 1024px) 100vw, 1024px\" \/><\/figure>\n\n\n\n<ul class=\"wp-block-list\">\n<li>Un <strong>apprentissage de l&#8217;entraide et de la coop\u00e9ration<\/strong>, car la classe multi-niveaux permet aux enfants d&#8217;\u00e2ges diff\u00e9rents de s&#8217;apporter les uns et les autres et de d&#8217;apprendre \u00e0 s&#8217;ajuster pour travailler en \u00e9quipe.<\/li>\n\n\n\n<li>Un <strong>apprentissage des habilet\u00e9s sociales<\/strong>, gr\u00e2ce au petit effectif et \u00e0 de nombreuses activit\u00e9s permettant aux enfants d&#8217;apprendre \u00e0 tol\u00e9rer, mais aussi s&#8217;exprimer dans le respect de l&#8217;autre. <\/li>\n\n\n\n<li>Un <strong>accompagnement de l&#8217;\u00e9panouissement personnel<\/strong> offert par la pratique quotidienne de la m\u00e9ditation, la sophrologie, la philosophie et la musicoth\u00e9rapie. Une sophrologue et un musicoth\u00e9rapeute interviennent r\u00e9guli\u00e8rement \u00e0 l&#8217;\u00e9cole.<\/li>\n<\/ul>\n\n\n\n<figure class=\"wp-block-image size-large is-resized\"><img loading=\"lazy\" decoding=\"async\" width=\"1024\" height=\"768\" src=\"https:\/\/zebrailes.fr\/wp-content\/uploads\/2025\/02\/11-fev-16-1024x768.jpg\" alt=\"\" class=\"wp-image-58\" style=\"width:495px;height:auto\" srcset=\"http:\/\/zebrailes.fr\/wp-content\/uploads\/2025\/02\/11-fev-16-1024x768.jpg 1024w, http:\/\/zebrailes.fr\/wp-content\/uploads\/2025\/02\/11-fev-16-300x225.jpg 300w, http:\/\/zebrailes.fr\/wp-content\/uploads\/2025\/02\/11-fev-16-2000x1500.jpg 2000w\" sizes=\"auto, (max-width: 1024px) 100vw, 1024px\" \/><\/figure>\n\n\n\n<figure class=\"wp-block-image alignright size-large is-resized\"><img loading=\"lazy\" decoding=\"async\" width=\"679\" height=\"1024\" src=\"https:\/\/zebrailes.fr\/wp-content\/uploads\/2025\/03\/08-sept-44-679x1024.jpg\" alt=\"\" class=\"wp-image-64\" style=\"width:310px;height:auto\" srcset=\"http:\/\/zebrailes.fr\/wp-content\/uploads\/2025\/03\/08-sept-44-679x1024.jpg 679w, http:\/\/zebrailes.fr\/wp-content\/uploads\/2025\/03\/08-sept-44-199x300.jpg 199w, http:\/\/zebrailes.fr\/wp-content\/uploads\/2025\/03\/08-sept-44-rotated.jpg 1496w\" sizes=\"auto, (max-width: 679px) 100vw, 679px\" \/><\/figure>\n\n\n\n<ul class=\"wp-block-list\">\n<li>De nombreuses <strong>activit\u00e9s en ext\u00e9rieur<\/strong> pour b\u00e9n\u00e9ficier des bienfaits du contact avec la nature. <\/li>\n<\/ul>\n\n\n\n<ul class=\"wp-block-list\">\n<li>Un <strong>apprentissage par le jeu<\/strong> pour permettre aux enfants d&#8217;\u00eatre actifs et donc investis, mais aussi d&#8217;apprendre en jouant. <\/li>\n\n\n\n<li>Des <strong>outils sp\u00e9cifiques et adapt\u00e9s<\/strong> aux besoins des enfants. <\/li>\n\n\n\n<li>Une <strong>relation stable et rassurante entre les adultes et les \u00e9l\u00e8ves<\/strong>, gr\u00e2ce \u00e0 un accompagnement \u00e0 long terme dans le m\u00eame groupe avec des adultes identiques.<\/li>\n\n\n\n<li>Un <strong>environnement apais\u00e9 et s\u00e9curisant<\/strong>. L&#8217;ambiance de classe est tr\u00e8s calme; les enfants apprennent \u00e0 chuchoter comme le font les adultes de l&#8217;\u00e9cole et \u00e0 se d\u00e9placer discr\u00e8tement.<\/li>\n<\/ul>\n\n\n\n<p><\/p>\n\n\n\n<p><\/p>\n\n\n\n<blockquote class=\"wp-block-quote is-layout-flow wp-block-quote-is-layout-flow\">\n<p><em>Les programmes de l&#8217;\u00e9ducation nationale sont respect\u00e9s, enrichis et approfondis. <\/em><\/p>\n<\/blockquote>\n\n\n\n<figure class=\"wp-block-image aligncenter size-large is-resized\"><img loading=\"lazy\" decoding=\"async\" width=\"768\" height=\"1024\" src=\"https:\/\/zebrailes.fr\/wp-content\/uploads\/2025\/08\/petit-cocon-768x1024.jpg\" alt=\"\" class=\"wp-image-162\" style=\"width:302px;height:auto\" srcset=\"http:\/\/zebrailes.fr\/wp-content\/uploads\/2025\/08\/petit-cocon-768x1024.jpg 768w, http:\/\/zebrailes.fr\/wp-content\/uploads\/2025\/08\/petit-cocon-225x300.jpg 225w, http:\/\/zebrailes.fr\/wp-content\/uploads\/2025\/08\/petit-cocon.jpg 1020w\" sizes=\"auto, (max-width: 768px) 100vw, 768px\" \/><\/figure>\n\n\n\n<p class=\"has-text-align-center\">Po\u00e8me \u00e9crit par une \u00e9l\u00e8ve de CM2 avant son d\u00e9part au coll\u00e8ge. <\/p>\n\n\n\n<p><\/p>\n","protected":false},"excerpt":{"rendered":"<p>Un concept unique de classe multi-niveaux Une question souvent pos\u00e9e est &#8220;utilisez vous la p\u00e9dagogie Montessori ? Freinet ? etc &#8220;. A Zebr&#8217;ailes, nous utilisons la p\u00e9dagogie&#8230;. Zebr&#8217;ailes ! Je con\u00e7ois moi-m\u00eame des jeux, des outils, des m\u00e9thodes pour donner sens, rendre l&#8217;enfant acteur et actif, travailler en transversalit\u00e9. Voici quelques points sp\u00e9cifiques : Les &hellip; <\/p>\n<p class=\"link-more\"><a href=\"http:\/\/zebrailes.fr\/?page_id=5\" class=\"more-link\">Read more<span class=\"screen-reader-text\"> &#8220;P\u00e9dagogie&#8221;<\/span><\/a><\/p>\n","protected":false},"author":1,"featured_media":0,"parent":0,"menu_order":0,"comment_status":"closed","ping_status":"closed","template":"","meta":{"footnotes":""},"class_list":["post-5","page","type-page","status-publish","hentry"],"_links":{"self":[{"href":"http:\/\/zebrailes.fr\/index.php?rest_route=\/wp\/v2\/pages\/5","targetHints":{"allow":["GET"]}}],"collection":[{"href":"http:\/\/zebrailes.fr\/index.php?rest_route=\/wp\/v2\/pages"}],"about":[{"href":"http:\/\/zebrailes.fr\/index.php?rest_route=\/wp\/v2\/types\/page"}],"author":[{"embeddable":true,"href":"http:\/\/zebrailes.fr\/index.php?rest_route=\/wp\/v2\/users\/1"}],"replies":[{"embeddable":true,"href":"http:\/\/zebrailes.fr\/index.php?rest_route=%2Fwp%2Fv2%2Fcomments&post=5"}],"version-history":[{"count":9,"href":"http:\/\/zebrailes.fr\/index.php?rest_route=\/wp\/v2\/pages\/5\/revisions"}],"predecessor-version":[{"id":163,"href":"http:\/\/zebrailes.fr\/index.php?rest_route=\/wp\/v2\/pages\/5\/revisions\/163"}],"wp:attachment":[{"href":"http:\/\/zebrailes.fr\/index.php?rest_route=%2Fwp%2Fv2%2Fmedia&parent=5"}],"curies":[{"name":"wp","href":"https:\/\/api.w.org\/{rel}","templated":true}]}}