{"id":42,"date":"2025-02-22T19:29:42","date_gmt":"2025-02-22T18:29:42","guid":{"rendered":"https:\/\/zebrailes.fr\/?page_id=42"},"modified":"2026-02-22T11:38:38","modified_gmt":"2026-02-22T10:38:38","slug":"frais-de-scolarite","status":"publish","type":"page","link":"http:\/\/zebrailes.fr\/?page_id=42","title":{"rendered":"Frais de scolarit\u00e9"},"content":{"rendered":"\n<p>Frais d&#8217;inscription annuels : 300 euros<\/p>\n\n\n\n<p>Frais de scolarit\u00e9 mensuels : 380 euros<\/p>\n\n\n\n<p>Pour les fratries, une r\u00e9duction de 20 % est effectu\u00e9e sur le deuxi\u00e8me enfant. <\/p>\n\n\n\n<p>Un achat group\u00e9 de fournitures est fait par l&#8217;\u00e9cole (cahiers, classeurs, fichiers, livres). Cela revient \u00e0 environ 50 euros par enfant.<\/p>\n\n\n\n<p>Les sorties et classes vertes sont en suppl\u00e9ment. Une classe verte est pr\u00e9vue tous les deux ans.  <\/p>\n\n\n\n<figure class=\"wp-block-image aligncenter size-large is-resized\"><img loading=\"lazy\" decoding=\"async\" width=\"1024\" height=\"768\" src=\"https:\/\/zebrailes.fr\/wp-content\/uploads\/2025\/02\/02-MAI-30-1024x768.jpg\" alt=\"\" class=\"wp-image-44\" style=\"width:470px;height:auto\" srcset=\"http:\/\/zebrailes.fr\/wp-content\/uploads\/2025\/02\/02-MAI-30-1024x768.jpg 1024w, http:\/\/zebrailes.fr\/wp-content\/uploads\/2025\/02\/02-MAI-30-300x225.jpg 300w, http:\/\/zebrailes.fr\/wp-content\/uploads\/2025\/02\/02-MAI-30-2000x1500.jpg 2000w, http:\/\/zebrailes.fr\/wp-content\/uploads\/2025\/02\/02-MAI-30.jpg 2048w\" sizes=\"auto, (max-width: 1024px) 100vw, 1024px\" \/><\/figure>\n","protected":false},"excerpt":{"rendered":"<p>Frais d&#8217;inscription annuels : 300 euros Frais de scolarit\u00e9 mensuels : 380 euros Pour les fratries, une r\u00e9duction de 20 % est effectu\u00e9e sur le deuxi\u00e8me enfant. Un achat group\u00e9 de fournitures est fait par l&#8217;\u00e9cole (cahiers, classeurs, fichiers, livres). Cela revient \u00e0 environ 50 euros par enfant. Les sorties et classes vertes sont en &hellip; <\/p>\n<p class=\"link-more\"><a href=\"http:\/\/zebrailes.fr\/?page_id=42\" class=\"more-link\">Read more<span class=\"screen-reader-text\"> &#8220;Frais de scolarit\u00e9&#8221;<\/span><\/a><\/p>\n","protected":false},"author":1,"featured_media":0,"parent":0,"menu_order":0,"comment_status":"closed","ping_status":"closed","template":"","meta":{"footnotes":""},"class_list":["post-42","page","type-page","status-publish","hentry"],"_links":{"self":[{"href":"http:\/\/zebrailes.fr\/index.php?rest_route=\/wp\/v2\/pages\/42","targetHints":{"allow":["GET"]}}],"collection":[{"href":"http:\/\/zebrailes.fr\/index.php?rest_route=\/wp\/v2\/pages"}],"about":[{"href":"http:\/\/zebrailes.fr\/index.php?rest_route=\/wp\/v2\/types\/page"}],"author":[{"embeddable":true,"href":"http:\/\/zebrailes.fr\/index.php?rest_route=\/wp\/v2\/users\/1"}],"replies":[{"embeddable":true,"href":"http:\/\/zebrailes.fr\/index.php?rest_route=%2Fwp%2Fv2%2Fcomments&post=42"}],"version-history":[{"count":3,"href":"http:\/\/zebrailes.fr\/index.php?rest_route=\/wp\/v2\/pages\/42\/revisions"}],"predecessor-version":[{"id":185,"href":"http:\/\/zebrailes.fr\/index.php?rest_route=\/wp\/v2\/pages\/42\/revisions\/185"}],"wp:attachment":[{"href":"http:\/\/zebrailes.fr\/index.php?rest_route=%2Fwp%2Fv2%2Fmedia&parent=42"}],"curies":[{"name":"wp","href":"https:\/\/api.w.org\/{rel}","templated":true}]}}