{"id":37,"date":"2025-02-22T12:14:28","date_gmt":"2025-02-22T11:14:28","guid":{"rendered":"https:\/\/zebrailes.fr\/?page_id=37"},"modified":"2025-02-22T12:14:28","modified_gmt":"2025-02-22T11:14:28","slug":"modalites-dinscription","status":"publish","type":"page","link":"http:\/\/zebrailes.fr\/?page_id=37","title":{"rendered":"Modalit\u00e9s d&#8217;inscription"},"content":{"rendered":"\n<p>Les inscriptions peuvent se faire toute l&#8217;ann\u00e9e en fonction des places disponibles. <\/p>\n\n\n\n<p><strong>Prise de rendez-vous<\/strong><\/p>\n\n\n\n<p>Une premi\u00e8re rencontre avec les parents et l&#8217;enfant a lieu pour faire connaissance et visiter l&#8217;\u00e9cole. <\/p>\n\n\n\n<figure class=\"wp-block-image alignleft size-large is-resized\"><img loading=\"lazy\" decoding=\"async\" width=\"1024\" height=\"679\" src=\"https:\/\/zebrailes.fr\/wp-content\/uploads\/2025\/02\/02-sept-9-1-1024x679.jpg\" alt=\"\" class=\"wp-image-39\" style=\"width:535px;height:auto\" srcset=\"http:\/\/zebrailes.fr\/wp-content\/uploads\/2025\/02\/02-sept-9-1-1024x679.jpg 1024w, http:\/\/zebrailes.fr\/wp-content\/uploads\/2025\/02\/02-sept-9-1-300x199.jpg 300w, http:\/\/zebrailes.fr\/wp-content\/uploads\/2025\/02\/02-sept-9-1-2000x1326.jpg 2000w\" sizes=\"auto, (max-width: 1024px) 100vw, 1024px\" \/><\/figure>\n\n\n\n<p><strong>Journ\u00e9es d&#8217;essai<\/strong><\/p>\n\n\n\n<p>L&#8217;enfant est accueilli deux journ\u00e9es au sein de la classe pour d\u00e9couvrir le fonctionnement de l&#8217;\u00e9cole. Ce temps permet d&#8217;\u00e9valuer sa bonne int\u00e9gration dans le groupe.<\/p>\n\n\n\n<p><strong>Admission<\/strong><\/p>\n\n\n\n<p>Les parents compl\u00e8tent le dossier d&#8217;admission. Celle-ci est conclue pour l&#8217;ann\u00e9e scolaire et sera r\u00e9\u00e9valu\u00e9e chaque ann\u00e9e. <\/p>\n\n\n\n<p><\/p>\n","protected":false},"excerpt":{"rendered":"<p>Les inscriptions peuvent se faire toute l&#8217;ann\u00e9e en fonction des places disponibles. Prise de rendez-vous Une premi\u00e8re rencontre avec les parents et l&#8217;enfant a lieu pour faire connaissance et visiter l&#8217;\u00e9cole. Journ\u00e9es d&#8217;essai L&#8217;enfant est accueilli deux journ\u00e9es au sein de la classe pour d\u00e9couvrir le fonctionnement de l&#8217;\u00e9cole. Ce temps permet d&#8217;\u00e9valuer sa bonne &hellip; <\/p>\n<p class=\"link-more\"><a href=\"http:\/\/zebrailes.fr\/?page_id=37\" class=\"more-link\">Read more<span class=\"screen-reader-text\"> &#8220;Modalit\u00e9s d&#8217;inscription&#8221;<\/span><\/a><\/p>\n","protected":false},"author":1,"featured_media":0,"parent":0,"menu_order":0,"comment_status":"closed","ping_status":"closed","template":"","meta":{"footnotes":""},"class_list":["post-37","page","type-page","status-publish","hentry"],"_links":{"self":[{"href":"http:\/\/zebrailes.fr\/index.php?rest_route=\/wp\/v2\/pages\/37","targetHints":{"allow":["GET"]}}],"collection":[{"href":"http:\/\/zebrailes.fr\/index.php?rest_route=\/wp\/v2\/pages"}],"about":[{"href":"http:\/\/zebrailes.fr\/index.php?rest_route=\/wp\/v2\/types\/page"}],"author":[{"embeddable":true,"href":"http:\/\/zebrailes.fr\/index.php?rest_route=\/wp\/v2\/users\/1"}],"replies":[{"embeddable":true,"href":"http:\/\/zebrailes.fr\/index.php?rest_route=%2Fwp%2Fv2%2Fcomments&post=37"}],"version-history":[{"count":1,"href":"http:\/\/zebrailes.fr\/index.php?rest_route=\/wp\/v2\/pages\/37\/revisions"}],"predecessor-version":[{"id":40,"href":"http:\/\/zebrailes.fr\/index.php?rest_route=\/wp\/v2\/pages\/37\/revisions\/40"}],"wp:attachment":[{"href":"http:\/\/zebrailes.fr\/index.php?rest_route=%2Fwp%2Fv2%2Fmedia&parent=37"}],"curies":[{"name":"wp","href":"https:\/\/api.w.org\/{rel}","templated":true}]}}