{"id":134,"date":"2025-04-12T16:04:05","date_gmt":"2025-04-12T14:04:05","guid":{"rendered":"https:\/\/zebrailes.fr\/?page_id=134"},"modified":"2025-04-19T12:00:57","modified_gmt":"2025-04-19T10:00:57","slug":"en-pratique-nos-journees-a-zebrailes","status":"publish","type":"page","link":"http:\/\/zebrailes.fr\/?page_id=134","title":{"rendered":"En pratique, nos journ\u00e9es \u00e0 Zebr&#8217;ailes"},"content":{"rendered":"\n<p><strong>Horaires<\/strong><\/p>\n\n\n\n<figure class=\"wp-block-image alignright size-large is-resized\"><img loading=\"lazy\" decoding=\"async\" width=\"768\" height=\"1024\" src=\"https:\/\/zebrailes.fr\/wp-content\/uploads\/2025\/04\/18-mars-EL-58-768x1024.jpg\" alt=\"\" class=\"wp-image-142\" style=\"width:291px;height:auto\" srcset=\"http:\/\/zebrailes.fr\/wp-content\/uploads\/2025\/04\/18-mars-EL-58-768x1024.jpg 768w, http:\/\/zebrailes.fr\/wp-content\/uploads\/2025\/04\/18-mars-EL-58-225x300.jpg 225w, http:\/\/zebrailes.fr\/wp-content\/uploads\/2025\/04\/18-mars-EL-58.jpg 1200w\" sizes=\"auto, (max-width: 768px) 100vw, 768px\" \/><\/figure>\n\n\n\n<p>La classe d\u00e9bute \u00e0 8H45 et termine \u00e0 16H30. <\/p>\n\n\n\n<p>L&#8217;accueil du matin se fait \u00e0 partir de 8H et le soir jusqu&#8217;\u00e0 18H. <\/p>\n\n\n\n<p><strong>Emploi du temps<\/strong><\/p>\n\n\n\n<p>Le matin, nous travaillons les apprentissages fondamentaux (fran\u00e7ais et math\u00e9matiques). L&#8217;apr\u00e8s-midi, les enfants font toutes les activit\u00e9s culturelles : art, histoire, g\u00e9ographie, musicoth\u00e9rapie, reportages, sciences, philosophie. Le sport a lieu dans le jardin, la cour ou \u00e0 l&#8217;int\u00e9rieur si le temps ne permet pas de sortir. <\/p>\n\n\n\n<p>Il n&#8217;y a pas de r\u00e9cr\u00e9ations le matin et l&#8217;apr\u00e8s-midi. Les enfants faisant des jeux divers voire des activit\u00e9s de classe dehors, ils sont donc actifs et ils n&#8217;ont donc pas besoin de r\u00e9cr\u00e9ation. Une longue r\u00e9cr\u00e9ation a lieu le midi apr\u00e8s le d\u00e9jeuner, soit dans le jardin, la cour ou le bois attenant \u00e0 l&#8217;\u00e9cole. <\/p>\n\n\n\n<figure class=\"wp-block-image alignleft size-large is-resized\"><img loading=\"lazy\" decoding=\"async\" width=\"1024\" height=\"768\" src=\"https:\/\/zebrailes.fr\/wp-content\/uploads\/2025\/04\/musico-1024x768.jpg\" alt=\"\" class=\"wp-image-153\" style=\"width:401px;height:auto\" srcset=\"http:\/\/zebrailes.fr\/wp-content\/uploads\/2025\/04\/musico-1024x768.jpg 1024w, http:\/\/zebrailes.fr\/wp-content\/uploads\/2025\/04\/musico-300x225.jpg 300w, http:\/\/zebrailes.fr\/wp-content\/uploads\/2025\/04\/musico-2000x1500.jpg 2000w\" sizes=\"auto, (max-width: 1024px) 100vw, 1024px\" \/><\/figure>\n\n\n\n<p>Chaque d\u00e9but d&#8217;apr\u00e8s-midi, les enfants ont un temps calme pour se reposer. Apr\u00e8s celui-ci a lieu un temps &#8220;bien-\u00eatre&#8221;. Nous alternons diverses m\u00e9thodes: m\u00e9ditation de pleine consciences, sophrologie, bol tib\u00e9tain&#8230;<\/p>\n\n\n\n<p><strong>Intervenants<\/strong><\/p>\n\n\n\n<p>Un musicoth\u00e9rapeute et une sophrologue interviennent toutes les deux semaines au sein de la classe. <\/p>\n\n\n\n<p><\/p>\n\n\n\n<p><\/p>\n\n\n\n<p><\/p>\n\n\n\n<p><strong>Anglais<\/strong><\/p>\n\n\n\n<p>Une activit\u00e9 d&#8217;anglais est pr\u00e9vue chaque matin (lecture, chant, compr\u00e9hension orale, date&#8230;). Le fait de travailler cette langue chaque jour permet un meilleur apprentissage du vocabulaire et une meilleure compr\u00e9hension. Du vocabulaire est \u00e0 apprendre chaque semaine d\u00e8s le CP.<\/p>\n\n\n\n<p><strong>Bulletins<\/strong><\/p>\n\n\n\n<p>Des bulletins semestriels sont remis aux enfants fin Janvier et fin Juin. Les comp\u00e9tences sont \u00e9valu\u00e9es tout au long de l&#8217;ann\u00e9e. Les enfants ont un parcours individuel \u00e0 disposition qui leur permet de visualiser leurs acquis et donc de se rep\u00e9rer dans leur progression. <\/p>\n\n\n\n<p>Les \u00e9valuations sont remises chaque fin de semaine aux parents. <\/p>\n\n\n\n<p><strong>Devoirs<\/strong><\/p>\n\n\n\n<p>Les devoirs sont personnalis\u00e9s afin d&#8217;\u00eatre ajust\u00e9s aux besoins de chaque enfant. Ils ne sont jamais donn\u00e9s du jour au lendemain mais planifi\u00e9s sur la semaine, ceci permettant aux enfants de se reposer en fin de journ\u00e9e, mais aussi pour leur apprendre \u00e0 planifier. <\/p>\n\n\n\n<p><strong>Transmissions<\/strong><\/p>\n\n\n\n<p>Le partenariat avec les parents est indispensable. Des transmissions sont donc faites matin et soir.<\/p>\n\n\n\n<p><strong>Sorties<\/strong><\/p>\n\n\n\n<p>La participation des parents est n\u00e9cessaire pour assurer un bon taux d&#8217;encadrement. Nous nous rendons r\u00e9guli\u00e8rement \u00e0 Paris en transports en communs. <\/p>\n\n\n\n<p><strong>Vacances<\/strong><\/p>\n\n\n\n<p>Le calendrier suit les vacances scolaires de l&#8217;\u00e9ducation nationale. Seules les vacances d&#8217;\u00e9t\u00e9 sont avanc\u00e9es, puisque nous terminons la classe fin Juin. <\/p>\n\n\n\n<figure class=\"wp-block-image aligncenter size-large is-resized\"><img loading=\"lazy\" decoding=\"async\" width=\"1024\" height=\"679\" src=\"https:\/\/zebrailes.fr\/wp-content\/uploads\/2025\/04\/17-sept-151-1024x679.jpg\" alt=\"\" class=\"wp-image-148\" style=\"width:651px;height:auto\" srcset=\"http:\/\/zebrailes.fr\/wp-content\/uploads\/2025\/04\/17-sept-151-1024x679.jpg 1024w, http:\/\/zebrailes.fr\/wp-content\/uploads\/2025\/04\/17-sept-151-300x199.jpg 300w, http:\/\/zebrailes.fr\/wp-content\/uploads\/2025\/04\/17-sept-151-2000x1326.jpg 2000w\" sizes=\"auto, (max-width: 1024px) 100vw, 1024px\" \/><\/figure>\n\n\n\n<p><\/p>\n","protected":false},"excerpt":{"rendered":"<p>Horaires La classe d\u00e9bute \u00e0 8H45 et termine \u00e0 16H30. L&#8217;accueil du matin se fait \u00e0 partir de 8H et le soir jusqu&#8217;\u00e0 18H. Emploi du temps Le matin, nous travaillons les apprentissages fondamentaux (fran\u00e7ais et math\u00e9matiques). L&#8217;apr\u00e8s-midi, les enfants font toutes les activit\u00e9s culturelles : art, histoire, g\u00e9ographie, musicoth\u00e9rapie, reportages, sciences, philosophie. Le sport &hellip; <\/p>\n<p class=\"link-more\"><a href=\"http:\/\/zebrailes.fr\/?page_id=134\" class=\"more-link\">Read more<span class=\"screen-reader-text\"> &#8220;En pratique, nos journ\u00e9es \u00e0 Zebr&#8217;ailes&#8221;<\/span><\/a><\/p>\n","protected":false},"author":1,"featured_media":0,"parent":0,"menu_order":0,"comment_status":"closed","ping_status":"closed","template":"","meta":{"footnotes":""},"class_list":["post-134","page","type-page","status-publish","hentry"],"_links":{"self":[{"href":"http:\/\/zebrailes.fr\/index.php?rest_route=\/wp\/v2\/pages\/134","targetHints":{"allow":["GET"]}}],"collection":[{"href":"http:\/\/zebrailes.fr\/index.php?rest_route=\/wp\/v2\/pages"}],"about":[{"href":"http:\/\/zebrailes.fr\/index.php?rest_route=\/wp\/v2\/types\/page"}],"author":[{"embeddable":true,"href":"http:\/\/zebrailes.fr\/index.php?rest_route=\/wp\/v2\/users\/1"}],"replies":[{"embeddable":true,"href":"http:\/\/zebrailes.fr\/index.php?rest_route=%2Fwp%2Fv2%2Fcomments&post=134"}],"version-history":[{"count":13,"href":"http:\/\/zebrailes.fr\/index.php?rest_route=\/wp\/v2\/pages\/134\/revisions"}],"predecessor-version":[{"id":156,"href":"http:\/\/zebrailes.fr\/index.php?rest_route=\/wp\/v2\/pages\/134\/revisions\/156"}],"wp:attachment":[{"href":"http:\/\/zebrailes.fr\/index.php?rest_route=%2Fwp%2Fv2%2Fmedia&parent=134"}],"curies":[{"name":"wp","href":"https:\/\/api.w.org\/{rel}","templated":true}]}}